{"id":129,"date":"2019-03-02T19:05:14","date_gmt":"2019-03-02T18:05:14","guid":{"rendered":"http:\/\/adsboucowt.cluster027.hosting.ovh.net\/sites\/photo\/?page_id=129"},"modified":"2025-06-15T18:40:45","modified_gmt":"2025-06-15T16:40:45","slug":"expositions","status":"publish","type":"page","link":"https:\/\/adsbouc.org\/sites\/photo\/expositions\/","title":{"rendered":"Expositions"},"content":{"rendered":"\n<h2 class=\"wp-block-heading\">Expositions<\/h2>\n\n\n\n<p>Voici une petite r\u00e9trospective des expositions auxquelles le club a particip\u00e9 ou dont la participation est pr\u00e9vue. Vous trouverez \u00e9galement, pour certaines d&rsquo;entre elles, une s\u00e9lection ou la totalit\u00e9 des images qui ont \u00e9t\u00e9 s\u00e9lectionn\u00e9es.<\/p>\n\n\n<div class=\"wp-block-image\">\n<figure class=\"aligncenter size-large is-resized\"><a href=\"https:\/\/adsbouc.org\/sites\/photo\/luminances-2025\/\"><img loading=\"lazy\" decoding=\"async\" width=\"763\" height=\"1080\" src=\"https:\/\/adsbouc.org\/sites\/photo\/wp-content\/uploads\/2025\/04\/Affiche_LUMINANCES_2025-763x1080.png\" alt=\"\" class=\"wp-image-4316\" style=\"width:auto;height:600px\" srcset=\"https:\/\/adsbouc.org\/sites\/photo\/wp-content\/uploads\/2025\/04\/Affiche_LUMINANCES_2025-763x1080.png 763w, https:\/\/adsbouc.org\/sites\/photo\/wp-content\/uploads\/2025\/04\/Affiche_LUMINANCES_2025-212x300.png 212w, https:\/\/adsbouc.org\/sites\/photo\/wp-content\/uploads\/2025\/04\/Affiche_LUMINANCES_2025-768x1086.png 768w, https:\/\/adsbouc.org\/sites\/photo\/wp-content\/uploads\/2025\/04\/Affiche_LUMINANCES_2025-1086x1536.png 1086w, https:\/\/adsbouc.org\/sites\/photo\/wp-content\/uploads\/2025\/04\/Affiche_LUMINANCES_2025-1448x2048.png 1448w, https:\/\/adsbouc.org\/sites\/photo\/wp-content\/uploads\/2025\/04\/Affiche_LUMINANCES_2025-106x150.png 106w, https:\/\/adsbouc.org\/sites\/photo\/wp-content\/uploads\/2025\/04\/Affiche_LUMINANCES_2025-1320x1867.png 1320w, https:\/\/adsbouc.org\/sites\/photo\/wp-content\/uploads\/2025\/04\/Affiche_LUMINANCES_2025.png 1587w\" sizes=\"auto, (max-width: 763px) 100vw, 763px\" \/><\/a><figcaption class=\"wp-element-caption\">\u00ab\u00a0D\u00e9tails\u00a0\u00bb &amp; Vous avez dit \u00ab\u00a0Original\u00a0\u00bb du 28 Mai au 09 Juin 2025 au ch\u00e2teau de Bouc Bel Air. <\/figcaption><\/figure>\n<\/div>\n\n<div class=\"wp-block-image\">\n<figure class=\"aligncenter size-large is-resized\"><img loading=\"lazy\" decoding=\"async\" width=\"763\" height=\"1080\" src=\"https:\/\/adsbouc.org\/sites\/photo\/wp-content\/uploads\/2025\/01\/Expo_Mars2025_Nos-differents-regards-763x1080.png\" alt=\"\" class=\"wp-image-4121\" style=\"width:auto;height:600px\" srcset=\"https:\/\/adsbouc.org\/sites\/photo\/wp-content\/uploads\/2025\/01\/Expo_Mars2025_Nos-differents-regards-763x1080.png 763w, https:\/\/adsbouc.org\/sites\/photo\/wp-content\/uploads\/2025\/01\/Expo_Mars2025_Nos-differents-regards-212x300.png 212w, https:\/\/adsbouc.org\/sites\/photo\/wp-content\/uploads\/2025\/01\/Expo_Mars2025_Nos-differents-regards-768x1086.png 768w, https:\/\/adsbouc.org\/sites\/photo\/wp-content\/uploads\/2025\/01\/Expo_Mars2025_Nos-differents-regards-1086x1536.png 1086w, https:\/\/adsbouc.org\/sites\/photo\/wp-content\/uploads\/2025\/01\/Expo_Mars2025_Nos-differents-regards-1448x2048.png 1448w, https:\/\/adsbouc.org\/sites\/photo\/wp-content\/uploads\/2025\/01\/Expo_Mars2025_Nos-differents-regards-106x150.png 106w, https:\/\/adsbouc.org\/sites\/photo\/wp-content\/uploads\/2025\/01\/Expo_Mars2025_Nos-differents-regards-1320x1867.png 1320w, https:\/\/adsbouc.org\/sites\/photo\/wp-content\/uploads\/2025\/01\/Expo_Mars2025_Nos-differents-regards.png 1587w\" sizes=\"auto, (max-width: 763px) 100vw, 763px\" \/><figcaption class=\"wp-element-caption\">\u00ab\u00a0Nos diff\u00e9rents regard\u00a0\u00bb du 05 au 09 Mars 2025 au ch\u00e2teau de Bouc Bel Air.<\/figcaption><\/figure>\n<\/div>\n\n<div class=\"wp-block-image is-style-default\">\n<figure class=\"aligncenter size-large is-resized\"><a href=\"https:\/\/adsbouc.org\/sites\/photo\/expo-luminances-2024\/\"><img loading=\"lazy\" decoding=\"async\" width=\"763\" height=\"1080\" src=\"https:\/\/adsbouc.org\/sites\/photo\/wp-content\/uploads\/2024\/05\/AFFICHE-LUMINANCES-2024-763x1080.png\" alt=\"\" class=\"wp-image-3880\" style=\"width:auto;height:600px\" srcset=\"https:\/\/adsbouc.org\/sites\/photo\/wp-content\/uploads\/2024\/05\/AFFICHE-LUMINANCES-2024-763x1080.png 763w, https:\/\/adsbouc.org\/sites\/photo\/wp-content\/uploads\/2024\/05\/AFFICHE-LUMINANCES-2024-212x300.png 212w, https:\/\/adsbouc.org\/sites\/photo\/wp-content\/uploads\/2024\/05\/AFFICHE-LUMINANCES-2024-768x1086.png 768w, https:\/\/adsbouc.org\/sites\/photo\/wp-content\/uploads\/2024\/05\/AFFICHE-LUMINANCES-2024-1086x1536.png 1086w, https:\/\/adsbouc.org\/sites\/photo\/wp-content\/uploads\/2024\/05\/AFFICHE-LUMINANCES-2024-1448x2048.png 1448w, https:\/\/adsbouc.org\/sites\/photo\/wp-content\/uploads\/2024\/05\/AFFICHE-LUMINANCES-2024-106x150.png 106w, https:\/\/adsbouc.org\/sites\/photo\/wp-content\/uploads\/2024\/05\/AFFICHE-LUMINANCES-2024-1320x1867.png 1320w, https:\/\/adsbouc.org\/sites\/photo\/wp-content\/uploads\/2024\/05\/AFFICHE-LUMINANCES-2024.png 1587w\" sizes=\"auto, (max-width: 763px) 100vw, 763px\" \/><\/a><figcaption class=\"wp-element-caption\">\u00ab\u00a0Geste &#8211; Mouvement\u00a0\u00bb et \u00ab\u00a0G\u00e9om\u00e9trie\u00a0\u00bb\nDu 15 au 23 Juin 2024 au ch\u00e2teau de Bouc Bel Air<\/figcaption><\/figure>\n<\/div>\n\n<div class=\"wp-block-image is-style-default\">\n<figure class=\"aligncenter size-large is-resized\"><img loading=\"lazy\" decoding=\"async\" width=\"1522\" height=\"1080\" src=\"https:\/\/adsbouc.org\/sites\/photo\/wp-content\/uploads\/2024\/05\/EXPO_PERTUIS-1522x1080.png\" alt=\"\" class=\"wp-image-3859\" style=\"width:auto;height:450px\" srcset=\"https:\/\/adsbouc.org\/sites\/photo\/wp-content\/uploads\/2024\/05\/EXPO_PERTUIS-1522x1080.png 1522w, https:\/\/adsbouc.org\/sites\/photo\/wp-content\/uploads\/2024\/05\/EXPO_PERTUIS-300x213.png 300w, https:\/\/adsbouc.org\/sites\/photo\/wp-content\/uploads\/2024\/05\/EXPO_PERTUIS-768x545.png 768w, https:\/\/adsbouc.org\/sites\/photo\/wp-content\/uploads\/2024\/05\/EXPO_PERTUIS-1536x1090.png 1536w, https:\/\/adsbouc.org\/sites\/photo\/wp-content\/uploads\/2024\/05\/EXPO_PERTUIS-150x106.png 150w, https:\/\/adsbouc.org\/sites\/photo\/wp-content\/uploads\/2024\/05\/EXPO_PERTUIS-1320x936.png 1320w, https:\/\/adsbouc.org\/sites\/photo\/wp-content\/uploads\/2024\/05\/EXPO_PERTUIS.png 1748w\" sizes=\"auto, (max-width: 1522px) 100vw, 1522px\" \/><figcaption class=\"wp-element-caption\">Notre participation aux rencontres photographiques de Pertuis<\/figcaption><\/figure>\n<\/div>\n\n<div class=\"wp-block-image is-resized is-style-default\">\n<figure class=\"aligncenter size-large\"><a href=\"https:\/\/adsbouc.org\/sites\/photo\/exposition-identite-jazz-2023\/\"><img loading=\"lazy\" decoding=\"async\" width=\"647\" height=\"916\" src=\"https:\/\/adsbouc.org\/sites\/photo\/wp-content\/uploads\/2023\/06\/ExpoJazz.jpg\" alt=\"\" class=\"wp-image-3390\" style=\"width:auto;height:600px\" srcset=\"https:\/\/adsbouc.org\/sites\/photo\/wp-content\/uploads\/2023\/06\/ExpoJazz.jpg 647w, https:\/\/adsbouc.org\/sites\/photo\/wp-content\/uploads\/2023\/06\/ExpoJazz-212x300.jpg 212w, https:\/\/adsbouc.org\/sites\/photo\/wp-content\/uploads\/2023\/06\/ExpoJazz-106x150.jpg 106w\" sizes=\"auto, (max-width: 647px) 100vw, 647px\" \/><\/a><figcaption class=\"wp-element-caption\">\u00ab\u00a0Identit\u00e9 Jazz\u00a0\u00bb<br>Du 4 au 9 Juillet 2023 au ch\u00e2teau de Bouc Bel Air<\/figcaption><\/figure>\n<\/div>\n\n<div class=\"wp-block-image is-resized is-style-default\">\n<figure class=\"aligncenter size-large\"><a href=\"https:\/\/adsbouc.org\/sites\/photo\/selections-luminances\/\"><img loading=\"lazy\" decoding=\"async\" width=\"566\" height=\"800\" src=\"https:\/\/adsbouc.org\/sites\/photo\/wp-content\/uploads\/2023\/05\/Affiche_Luminances_2023_ed8_600lx800h.jpg\" alt=\"Affiche Expo Luminances 2023\" class=\"wp-image-3325\" style=\"width:auto;height:600px\" srcset=\"https:\/\/adsbouc.org\/sites\/photo\/wp-content\/uploads\/2023\/05\/Affiche_Luminances_2023_ed8_600lx800h.jpg 566w, https:\/\/adsbouc.org\/sites\/photo\/wp-content\/uploads\/2023\/05\/Affiche_Luminances_2023_ed8_600lx800h-212x300.jpg 212w, https:\/\/adsbouc.org\/sites\/photo\/wp-content\/uploads\/2023\/05\/Affiche_Luminances_2023_ed8_600lx800h-106x150.jpg 106w\" sizes=\"auto, (max-width: 566px) 100vw, 566px\" \/><\/a><figcaption class=\"wp-element-caption\">\u00ab\u00a0M\u00e9tal &amp; Transparence\u00a0\u00bb<br>Du 16 au 25 Juin 2023 au ch\u00e2teau de Bouc Bel Air<\/figcaption><\/figure>\n<\/div>\n\n<div class=\"wp-block-image is-resized is-style-default\">\n<figure class=\"aligncenter size-large\"><img loading=\"lazy\" decoding=\"async\" width=\"764\" height=\"1080\" src=\"https:\/\/adsbouc.org\/sites\/photo\/wp-content\/uploads\/2023\/02\/ExpoGloomy-2023_Affiche_Web-764x1080.jpg\" alt=\"\" class=\"wp-image-3256\" style=\"width:auto;height:600px\" srcset=\"https:\/\/adsbouc.org\/sites\/photo\/wp-content\/uploads\/2023\/02\/ExpoGloomy-2023_Affiche_Web-764x1080.jpg 764w, https:\/\/adsbouc.org\/sites\/photo\/wp-content\/uploads\/2023\/02\/ExpoGloomy-2023_Affiche_Web-212x300.jpg 212w, https:\/\/adsbouc.org\/sites\/photo\/wp-content\/uploads\/2023\/02\/ExpoGloomy-2023_Affiche_Web-768x1086.jpg 768w, https:\/\/adsbouc.org\/sites\/photo\/wp-content\/uploads\/2023\/02\/ExpoGloomy-2023_Affiche_Web-1086x1536.jpg 1086w, https:\/\/adsbouc.org\/sites\/photo\/wp-content\/uploads\/2023\/02\/ExpoGloomy-2023_Affiche_Web-106x150.jpg 106w, https:\/\/adsbouc.org\/sites\/photo\/wp-content\/uploads\/2023\/02\/ExpoGloomy-2023_Affiche_Web.jpg 1240w\" sizes=\"auto, (max-width: 764px) 100vw, 764px\" \/><figcaption class=\"wp-element-caption\">\u00ab\u00a0Le monde est Flou\u00a0\u00bb<br>Du 07 Mars au 31 Mars 2023 chez Gloomy Art \u00e0 Gardanne<\/figcaption><\/figure>\n<\/div>\n\n<div class=\"wp-block-image is-resized is-style-default\">\n<figure class=\"aligncenter size-large\"><img loading=\"lazy\" decoding=\"async\" width=\"595\" height=\"842\" src=\"https:\/\/adsbouc.org\/sites\/photo\/wp-content\/uploads\/2022\/05\/affiche_Luminances_2022_800x600.jpg\" alt=\"\" class=\"wp-image-2945\" style=\"width:auto;height:600px\" srcset=\"https:\/\/adsbouc.org\/sites\/photo\/wp-content\/uploads\/2022\/05\/affiche_Luminances_2022_800x600.jpg 595w, https:\/\/adsbouc.org\/sites\/photo\/wp-content\/uploads\/2022\/05\/affiche_Luminances_2022_800x600-212x300.jpg 212w, https:\/\/adsbouc.org\/sites\/photo\/wp-content\/uploads\/2022\/05\/affiche_Luminances_2022_800x600-106x150.jpg 106w\" sizes=\"auto, (max-width: 595px) 100vw, 595px\" \/><figcaption class=\"wp-element-caption\">\u00ab\u00a0Visages de Marseille\u00a0\u00bb et \u00ab\u00a0Partage\u00a0\u00bb:<br>Du 10 au 19 Juin au ch\u00e2teau de Bouc Bel Air<\/figcaption><\/figure>\n<\/div>\n\n<div class=\"wp-block-image is-resized is-style-default\">\n<figure class=\"aligncenter size-full\"><a href=\"https:\/\/adsbouc.org\/sites\/photo\/exposition-cercles-courbes-et-spirales\/\"><img loading=\"lazy\" decoding=\"async\" width=\"566\" height=\"800\" src=\"https:\/\/adsbouc.org\/sites\/photo\/wp-content\/uploads\/2022\/02\/ExpoGloomy-2022-3b_Affiche.jpg\" alt=\"Axpo Gloomy Art 2022\" class=\"wp-image-2910\" style=\"width:auto;height:600px\" srcset=\"https:\/\/adsbouc.org\/sites\/photo\/wp-content\/uploads\/2022\/02\/ExpoGloomy-2022-3b_Affiche.jpg 566w, https:\/\/adsbouc.org\/sites\/photo\/wp-content\/uploads\/2022\/02\/ExpoGloomy-2022-3b_Affiche-212x300.jpg 212w, https:\/\/adsbouc.org\/sites\/photo\/wp-content\/uploads\/2022\/02\/ExpoGloomy-2022-3b_Affiche-106x150.jpg 106w\" sizes=\"auto, (max-width: 566px) 100vw, 566px\" \/><\/a><figcaption class=\"wp-element-caption\">\u00ab\u00a0Cercles Courbes et Spirales\u00a0\u00bb<br>Chez Gloomy Art Mars 2022<\/figcaption><\/figure>\n<\/div>\n\n<div class=\"wp-block-image is-resized is-style-default\">\n<figure class=\"aligncenter size-large\"><a href=\"https:\/\/adsbouc.org\/sites\/photo\/exposition-luminances-2021\/\"><img loading=\"lazy\" decoding=\"async\" width=\"763\" height=\"1080\" src=\"https:\/\/adsbouc.org\/sites\/photo\/wp-content\/uploads\/2021\/05\/Affiche-Luminances-2021_corrigee-763x1080.jpg\" alt=\"\" class=\"wp-image-2761\" style=\"width:auto;height:600px\" srcset=\"https:\/\/adsbouc.org\/sites\/photo\/wp-content\/uploads\/2021\/05\/Affiche-Luminances-2021_corrigee-763x1080.jpg 763w, https:\/\/adsbouc.org\/sites\/photo\/wp-content\/uploads\/2021\/05\/Affiche-Luminances-2021_corrigee-212x300.jpg 212w, https:\/\/adsbouc.org\/sites\/photo\/wp-content\/uploads\/2021\/05\/Affiche-Luminances-2021_corrigee-768x1087.jpg 768w, https:\/\/adsbouc.org\/sites\/photo\/wp-content\/uploads\/2021\/05\/Affiche-Luminances-2021_corrigee-106x150.jpg 106w, https:\/\/adsbouc.org\/sites\/photo\/wp-content\/uploads\/2021\/05\/Affiche-Luminances-2021_corrigee.jpg 848w\" sizes=\"auto, (max-width: 763px) 100vw, 763px\" \/><\/a><figcaption class=\"wp-element-caption\">Luminances 2021: Low Key-High Key et Sc\u00e8nes de vie. Du 4 au 13 Juin 2021 au ch\u00e2teau de Bouc Bel Air.<br><\/figcaption><\/figure>\n<\/div>\n\n<div class=\"wp-block-image is-resized is-style-default\">\n<figure class=\"aligncenter size-large\"><a href=\"https:\/\/adsbouc.org\/sites\/photo\/exposition-luminances-2020\/\"><img loading=\"lazy\" decoding=\"async\" width=\"720\" height=\"1080\" src=\"https:\/\/adsbouc.org\/sites\/photo\/wp-content\/uploads\/2020\/09\/Lumi-2020-v2_Large.jpg\" alt=\"\" class=\"wp-image-1993\" style=\"width:auto;height:600px\" srcset=\"https:\/\/adsbouc.org\/sites\/photo\/wp-content\/uploads\/2020\/09\/Lumi-2020-v2_Large.jpg 720w, https:\/\/adsbouc.org\/sites\/photo\/wp-content\/uploads\/2020\/09\/Lumi-2020-v2_Large-200x300.jpg 200w, https:\/\/adsbouc.org\/sites\/photo\/wp-content\/uploads\/2020\/09\/Lumi-2020-v2_Large-100x150.jpg 100w\" sizes=\"auto, (max-width: 720px) 100vw, 720px\" \/><\/a><figcaption class=\"wp-element-caption\">Luminances 2020: Vu d&rsquo;en haut, vu d&rsquo;en bas et Multitudes. Du 10 au 16 Septembre 2020 au ch\u00e2teau de Bouc Bel Air<\/figcaption><\/figure>\n<\/div>\n\n<div class=\"wp-block-image is-resized is-style-default\">\n<figure class=\"aligncenter size-large\"><a href=\"https:\/\/adsbouc.org\/sites\/photo\/?page_id=1251\"><img loading=\"lazy\" decoding=\"async\" width=\"533\" height=\"800\" src=\"https:\/\/adsbouc.org\/sites\/photo\/wp-content\/uploads\/2020\/01\/ADSB-Monochrome_800pxHeight.jpg\" alt=\"\" class=\"wp-image-1133\" style=\"width:auto;height:600px\" srcset=\"https:\/\/adsbouc.org\/sites\/photo\/wp-content\/uploads\/2020\/01\/ADSB-Monochrome_800pxHeight.jpg 533w, https:\/\/adsbouc.org\/sites\/photo\/wp-content\/uploads\/2020\/01\/ADSB-Monochrome_800pxHeight-200x300.jpg 200w, https:\/\/adsbouc.org\/sites\/photo\/wp-content\/uploads\/2020\/01\/ADSB-Monochrome_800pxHeight-100x150.jpg 100w\" sizes=\"auto, (max-width: 533px) 100vw, 533px\" \/><\/a><figcaption class=\"wp-element-caption\">\u00ab\u00a0Monochrome\u00a0\u00bb chez Gloomy<br>Du 04 au 30 Janvier 2020<\/figcaption><\/figure>\n<\/div>\n\n<div class=\"wp-block-image\">\n<figure class=\"aligncenter is-resized\"><img loading=\"lazy\" decoding=\"async\" width=\"333\" height=\"500\" src=\"https:\/\/adsbouc.org\/sites\/photo\/wp-content\/uploads\/2019\/05\/Lumi-2019-web.jpg\" alt=\"\" class=\"wp-image-639\" style=\"width:auto;height:600px\" srcset=\"https:\/\/adsbouc.org\/sites\/photo\/wp-content\/uploads\/2019\/05\/Lumi-2019-web.jpg 333w, https:\/\/adsbouc.org\/sites\/photo\/wp-content\/uploads\/2019\/05\/Lumi-2019-web-200x300.jpg 200w, https:\/\/adsbouc.org\/sites\/photo\/wp-content\/uploads\/2019\/05\/Lumi-2019-web-100x150.jpg 100w\" sizes=\"auto, (max-width: 333px) 100vw, 333px\" \/><figcaption class=\"wp-element-caption\">Luminances 2019: Les marques du temps et Jeux d&rsquo;ombre et de lumi\u00e8re<\/figcaption><\/figure>\n<\/div>\n\n<div class=\"wp-block-image\">\n<figure class=\"aligncenter is-resized\"><img loading=\"lazy\" decoding=\"async\" width=\"409\" height=\"500\" src=\"https:\/\/adsbouc.org\/sites\/photo\/wp-content\/uploads\/2019\/04\/Height_500_SurLaRouteroute.jpg\" alt=\"\" class=\"wp-image-532\" style=\"width:auto;height:600px\" srcset=\"https:\/\/adsbouc.org\/sites\/photo\/wp-content\/uploads\/2019\/04\/Height_500_SurLaRouteroute.jpg 409w, https:\/\/adsbouc.org\/sites\/photo\/wp-content\/uploads\/2019\/04\/Height_500_SurLaRouteroute-245x300.jpg 245w, https:\/\/adsbouc.org\/sites\/photo\/wp-content\/uploads\/2019\/04\/Height_500_SurLaRouteroute-123x150.jpg 123w\" sizes=\"auto, (max-width: 409px) 100vw, 409px\" \/><figcaption class=\"wp-element-caption\">Participation au Week-end photo de Saint Mitre les Remparts.<br>Th\u00e8me : Sur la Route ! <\/figcaption><\/figure>\n<\/div>\n\n<div class=\"wp-block-image\">\n<figure class=\"aligncenter is-resized\"><a href=\"https:\/\/adsbouc.org\/sites\/photo\/expo-luminances-2018\/\"><img loading=\"lazy\" decoding=\"async\" width=\"333\" height=\"500\" src=\"https:\/\/adsbouc.org\/sites\/photo\/wp-content\/uploads\/2019\/03\/Luminances-2018.jpg\" alt=\"\" class=\"wp-image-219\" style=\"width:auto;height:600px\" srcset=\"https:\/\/adsbouc.org\/sites\/photo\/wp-content\/uploads\/2019\/03\/Luminances-2018.jpg 333w, https:\/\/adsbouc.org\/sites\/photo\/wp-content\/uploads\/2019\/03\/Luminances-2018-200x300.jpg 200w, https:\/\/adsbouc.org\/sites\/photo\/wp-content\/uploads\/2019\/03\/Luminances-2018-100x150.jpg 100w\" sizes=\"auto, (max-width: 333px) 100vw, 333px\" \/><\/a><figcaption class=\"wp-element-caption\">Luminances 2018\nMinimalisme &amp; La vie dans la Ville\n<\/figcaption><\/figure>\n<\/div>\n\n<div class=\"wp-block-image\">\n<figure class=\"aligncenter is-resized\"><a href=\"https:\/\/adsbouc.org\/sites\/photo\/expo-miroir\/\"><img loading=\"lazy\" decoding=\"async\" width=\"333\" height=\"500\" src=\"http:\/\/adsbouc.org\/sites\/photo\/wp-content\/uploads\/2019\/03\/expo_Gloomy_Miroir.jpg\" alt=\"Miroir\" class=\"wp-image-159\" style=\"width:auto;height:600px\" srcset=\"https:\/\/adsbouc.org\/sites\/photo\/wp-content\/uploads\/2019\/03\/expo_Gloomy_Miroir.jpg 333w, https:\/\/adsbouc.org\/sites\/photo\/wp-content\/uploads\/2019\/03\/expo_Gloomy_Miroir-200x300.jpg 200w, https:\/\/adsbouc.org\/sites\/photo\/wp-content\/uploads\/2019\/03\/expo_Gloomy_Miroir-100x150.jpg 100w\" sizes=\"auto, (max-width: 333px) 100vw, 333px\" \/><\/a><figcaption class=\"wp-element-caption\">Miroir mon beau miroir \n(D\u00e9cembre 2018)<\/figcaption><\/figure>\n<\/div>\n\n<div class=\"wp-block-image\">\n<figure class=\"aligncenter is-resized\"><img loading=\"lazy\" decoding=\"async\" width=\"333\" height=\"500\" src=\"http:\/\/adsbouc.org\/sites\/photo\/wp-content\/uploads\/2019\/03\/Lumi-2017-Web.jpg\" alt=\"Luminances 2017\" class=\"wp-image-217\" style=\"width:auto;height:600px\" srcset=\"https:\/\/adsbouc.org\/sites\/photo\/wp-content\/uploads\/2019\/03\/Lumi-2017-Web.jpg 333w, https:\/\/adsbouc.org\/sites\/photo\/wp-content\/uploads\/2019\/03\/Lumi-2017-Web-200x300.jpg 200w, https:\/\/adsbouc.org\/sites\/photo\/wp-content\/uploads\/2019\/03\/Lumi-2017-Web-100x150.jpg 100w\" sizes=\"auto, (max-width: 333px) 100vw, 333px\" \/><figcaption class=\"wp-element-caption\">Luminances 2017\nLes Vent &amp; Les 7 P\u00e9ch\u00e9s Capitaux<\/figcaption><\/figure>\n<\/div>\n\n<div class=\"wp-block-image\">\n<figure class=\"aligncenter is-resized\"><img loading=\"lazy\" decoding=\"async\" width=\"333\" height=\"500\" src=\"http:\/\/adsbouc.org\/sites\/photo\/wp-content\/uploads\/2019\/03\/Lumi-V3-20x30L.jpg\" alt=\"Luminances 2016\" class=\"wp-image-218\" style=\"width:auto;height:600px\" srcset=\"https:\/\/adsbouc.org\/sites\/photo\/wp-content\/uploads\/2019\/03\/Lumi-V3-20x30L.jpg 333w, https:\/\/adsbouc.org\/sites\/photo\/wp-content\/uploads\/2019\/03\/Lumi-V3-20x30L-200x300.jpg 200w, https:\/\/adsbouc.org\/sites\/photo\/wp-content\/uploads\/2019\/03\/Lumi-V3-20x30L-100x150.jpg 100w\" sizes=\"auto, (max-width: 333px) 100vw, 333px\" \/><figcaption class=\"wp-element-caption\">Luminances 2016\nRural &amp; Contraste<\/figcaption><\/figure>\n<\/div>","protected":false},"excerpt":{"rendered":"<p>Expositions Voici une petite r\u00e9trospective des expositions auxquelles le club a particip\u00e9 ou dont la participation est pr\u00e9vue. Vous trouverez \u00e9galement, pour certaines d&rsquo;entre elles, une s\u00e9lection ou la totalit\u00e9 des images qui ont \u00e9t\u00e9 s\u00e9lectionn\u00e9es. <a class=\"continue-reading-link\" href=\"https:\/\/adsbouc.org\/sites\/photo\/expositions\/\">Continuer la lecture<\/a><\/p>\n","protected":false},"author":2,"featured_media":0,"parent":0,"menu_order":0,"comment_status":"closed","ping_status":"closed","template":"templates\/template-onecolumn.php","meta":{"footnotes":""},"class_list":["post-129","page","type-page","status-publish","hentry"],"_links":{"self":[{"href":"https:\/\/adsbouc.org\/sites\/photo\/wp-json\/wp\/v2\/pages\/129","targetHints":{"allow":["GET"]}}],"collection":[{"href":"https:\/\/adsbouc.org\/sites\/photo\/wp-json\/wp\/v2\/pages"}],"about":[{"href":"https:\/\/adsbouc.org\/sites\/photo\/wp-json\/wp\/v2\/types\/page"}],"author":[{"embeddable":true,"href":"https:\/\/adsbouc.org\/sites\/photo\/wp-json\/wp\/v2\/users\/2"}],"replies":[{"embeddable":true,"href":"https:\/\/adsbouc.org\/sites\/photo\/wp-json\/wp\/v2\/comments?post=129"}],"version-history":[{"count":112,"href":"https:\/\/adsbouc.org\/sites\/photo\/wp-json\/wp\/v2\/pages\/129\/revisions"}],"predecessor-version":[{"id":4409,"href":"https:\/\/adsbouc.org\/sites\/photo\/wp-json\/wp\/v2\/pages\/129\/revisions\/4409"}],"wp:attachment":[{"href":"https:\/\/adsbouc.org\/sites\/photo\/wp-json\/wp\/v2\/media?parent=129"}],"curies":[{"name":"wp","href":"https:\/\/api.w.org\/{rel}","templated":true}]}}