{"id":9,"date":"2019-02-02T13:47:24","date_gmt":"2019-02-02T12:47:24","guid":{"rendered":"http:\/\/adsboucowt.cluster027.hosting.ovh.net\/sites\/photo\/?page_id=9"},"modified":"2022-07-24T19:49:12","modified_gmt":"2022-07-24T17:49:12","slug":"presentation","status":"publish","type":"page","link":"https:\/\/adsbouc.org\/sites\/photo\/presentation\/","title":{"rendered":"Pr\u00e9sentation"},"content":{"rendered":"\n<h3 class=\"wp-block-heading\">Bienvenue sur le site du club photo de Bouc Bel Air.<\/h3>\n\n\n\n<p>Le club photo de l&rsquo;ADSB organise son activit\u00e9 autour de s\u00e9ances hebdomadaires, le jeudi de 20h30 \u00e0 22h30, et des sorties, ateliers, expositions.<\/p>\n\n\n\n<p>Notre motivation est le partage de nos comp\u00e9tences, nos techniques, nos questionnements, nos images, nos sensibilit\u00e9s mais aussi l\u2019accompagnement vers la ma\u00eetrise de la technique afin de s\u2019en affranchir dans l\u2019expression de notre production photographique.<\/p>\n\n\n\n<p>Les r\u00e9unions hebdomadaires ont pour th\u00e8mes :<br><\/p>\n\n\n\n<ul class=\"wp-block-list\"><li><em>L&rsquo;analyse d&rsquo;images<\/em><\/li><li><em>Des cours th\u00e9oriques et pratiques sur la prise de vue<\/em><\/li><li><em>Des cours sur le d\u00e9veloppement num\u00e9rique (Lightroom)<\/em><\/li><li><em>Des expos\u00e9s th\u00e9matiques : photographes c\u00e9l\u00e8bres ou plus confidentiels, courants artistiques, proc\u00e9d\u00e9s&#8230;<\/em><\/li><li><em>La pr\u00e9paration d&rsquo;expositions : s\u00e9lection des images, encadrement, communication, affichage<\/em><\/li><li><em>Des intervenants ext\u00e9rieurs pour nous accompagner sur certains sujets<\/em><\/li><li><em>Des \u00e9changes<\/em><\/li><\/ul>\n\n\n\n<p>Des exemples d\u2019ateliers \/ sorties :<br><\/p>\n\n\n\n<ul class=\"wp-block-list\"><li><em>Rallye Photo interne au club<\/em><\/li><li><em>Sorties prises de vue, certaines en relation avec les th\u00e8mes de nos expositions<\/em><\/li><li><em>Visites d&rsquo;expositions locales ou nationales (Arles)<\/em><\/li><li><em>Ateliers th\u00e9matiques<\/em><\/li><\/ul>\n\n\n\n<p>Expositions :<br><\/p>\n\n\n\n<ul class=\"wp-block-list\"><li><em>En Juin \u00ab Luminances \u00bb au ch\u00e2teau de Bouc Bel Air : plus de 100 photos expos\u00e9es autour de 2 th\u00e8mes choisis coll\u00e9gialement<\/em><\/li><li><em>Participation \u00e0 des manifestations inter-clubs (WE Photographique de Saint-M\u00eetre les Remparts)<\/em><\/li><li><em>Autres expositions selon les opportunit\u00e9s<\/em><\/li><\/ul>\n\n\n\n<p>Nous sommes depuis 2017 adh\u00e9rents \u00e0 la F\u00e9d\u00e9ration Photographique de France, de nouvelles ouvertures, de nouveaux partages, des formations th\u00e9matiques sont donc propos\u00e9s par le biais de la F\u00e9d\u00e9.<\/p>\n\n\n\n<p>Contact :<br><\/p>\n\n\n\n<p><\/p>\n\n\n\n<p>Responsable : Corinne Gabriel\u00a0 <br><a href=\"https:\/\/adsbouc.org\/sites\/photo\/formulaire-de-contact\/\">Formulaire de contac<\/a><a href=\"http:\/\/adsbouc.org\/sites\/photo\/formulaire-de-contact\/\">t<\/a><\/p>\n\n\n\n<pre class=\"wp-block-preformatted\"><a href=\"https:\/\/adsbouc.org\/sites\/photo\/politique-de-confidentialite\/\">Politique de confidentialit\u00e9<\/a><\/pre>\n","protected":false},"excerpt":{"rendered":"<p>Bienvenue sur le site du club photo de Bouc Bel Air. Le club photo de l&rsquo;ADSB organise son activit\u00e9 autour de s\u00e9ances hebdomadaires, le jeudi de 20h30 \u00e0 22h30, et des sorties, ateliers, expositions. Notre motivation est le partage de nos comp\u00e9tences, nos techniques, nos questionnements, nos images, nos sensibilit\u00e9s&#8230; <a class=\"continue-reading-link\" href=\"https:\/\/adsbouc.org\/sites\/photo\/presentation\/\">Continuer la lecture<\/a><\/p>\n","protected":false},"author":2,"featured_media":0,"parent":0,"menu_order":0,"comment_status":"closed","ping_status":"closed","template":"templates\/template-onecolumn.php","meta":{"footnotes":""},"class_list":["post-9","page","type-page","status-publish","hentry"],"_links":{"self":[{"href":"https:\/\/adsbouc.org\/sites\/photo\/wp-json\/wp\/v2\/pages\/9","targetHints":{"allow":["GET"]}}],"collection":[{"href":"https:\/\/adsbouc.org\/sites\/photo\/wp-json\/wp\/v2\/pages"}],"about":[{"href":"https:\/\/adsbouc.org\/sites\/photo\/wp-json\/wp\/v2\/types\/page"}],"author":[{"embeddable":true,"href":"https:\/\/adsbouc.org\/sites\/photo\/wp-json\/wp\/v2\/users\/2"}],"replies":[{"embeddable":true,"href":"https:\/\/adsbouc.org\/sites\/photo\/wp-json\/wp\/v2\/comments?post=9"}],"version-history":[{"count":19,"href":"https:\/\/adsbouc.org\/sites\/photo\/wp-json\/wp\/v2\/pages\/9\/revisions"}],"predecessor-version":[{"id":3015,"href":"https:\/\/adsbouc.org\/sites\/photo\/wp-json\/wp\/v2\/pages\/9\/revisions\/3015"}],"wp:attachment":[{"href":"https:\/\/adsbouc.org\/sites\/photo\/wp-json\/wp\/v2\/media?parent=9"}],"curies":[{"name":"wp","href":"https:\/\/api.w.org\/{rel}","templated":true}]}}